{"id":29042,"date":"2020-05-18T22:39:26","date_gmt":"2020-05-18T20:39:26","guid":{"rendered":"https:\/\/assistech.ch\/activites\/"},"modified":"2020-05-20T22:11:08","modified_gmt":"2020-05-20T20:11:08","slug":"aktivitaeten","status":"publish","type":"page","link":"https:\/\/assistech.ch\/de\/aktivitaeten\/","title":{"rendered":"Aktivit\u00e4ten"},"content":{"rendered":"\n[et_pb_section fb_built=&#8220;1&#8243; _builder_version=&#8220;3.23.2&#8243; background_color=&#8220;#184073&#8243; custom_padding=&#8220;0px||0px|||&#8220;][et_pb_row _builder_version=&#8220;3.23.2&#8243;][et_pb_column type=&#8220;4_4&#8243; _builder_version=&#8220;3.23.2&#8243;][et_pb_text _builder_version=&#8220;3.23.2&#8243; text_font=&#8220;||||||||&#8220; text_text_align=&#8220;center&#8220; header_font=&#8220;||||||||&#8220; header_text_color=&#8220;#ffffff&#8220;]<h1>Aktivit\u00e4ten<\/h1>\n[\/et_pb_text][\/et_pb_column][\/et_pb_row][\/et_pb_section][et_pb_section fb_built=&#8220;1&#8243; _builder_version=&#8220;3.23.2&#8243;][et_pb_row _builder_version=&#8220;3.23.2&#8243;][et_pb_column type=&#8220;4_4&#8243; _builder_version=&#8220;3.23.2&#8243;][et_pb_text _builder_version=&#8220;3.23.2&#8243;]<p><strong>ASSISTECH S\u00e0rl ist ein in der Westschweiz t\u00e4tiges Unternehmen, das sich mit der Behandlung, Entsorgung, dem Recycling und der Verwertung von Schl\u00e4mmen und anderen R\u00fcckst\u00e4nden aus Kl\u00e4ranlagen (ARA), Baustellen und Industrien befasst.<\/strong><\/p>\n<p>&nbsp;<\/p>\n<p>Dieser Schlamm besteht zu etwa 95% aus Wasser. Um diese Schl\u00e4mme zu behandeln, zu veredeln oder zu beseitigen, ist es notwendig, sie zu entw\u00e4ssern.<\/p>\n<p>Die Firma ASSISTECH S\u00e0rl verf\u00fcgt \u00fcber eine mobile Installation auf dem Anh\u00e4nger, durch die Wasser aus der Suspension durch Schleudern abgetrennt werden kann.<\/p>\n<p>Stark trockene R\u00fcckst\u00e4nde k\u00f6nnen in bestimmten \u00d6fen (z. B. Vidy \/ Lausanne) oder zusammen mit Hausm\u00fcll (z. B. Satom \/ Monthey) verbrannt werden. Diese verschiedenen Anlagen erm\u00f6glichen eine endg\u00fcltige Verwertung dieser Abf\u00e4lle durch W\u00e4rmeerzeugung f\u00fcr die Fernheizungssysteme.<\/p>\n[\/et_pb_text][\/et_pb_column][\/et_pb_row][\/et_pb_section][et_pb_section fb_built=&#8220;1&#8243; _builder_version=&#8220;3.23.2&#8243; background_color=&#8220;#184073&#8243;][et_pb_row make_equal=&#8220;on&#8220; module_class=&#8220;gq_r_fixed_buttons&#8220; _builder_version=&#8220;3.23.2&#8243;][et_pb_column type=&#8220;1_2&#8243; _builder_version=&#8220;3.23.2&#8243;][et_pb_text _builder_version=&#8220;3.23.2&#8243; text_font=&#8220;||||||||&#8220; link_font=&#8220;||||||||&#8220; link_text_color=&#8220;#807f7f&#8220; header_font=&#8220;||||||||&#8220; header_2_font=&#8220;|||on|||||&#8220; header_2_font_size=&#8220;40px&#8220; background_layout=&#8220;dark&#8220; custom_padding=&#8220;|60px||&#8220; custom_padding_tablet=&#8220;|100px||&#8220; custom_padding_phone=&#8220;|0px||&#8220; custom_padding_last_edited=&#8220;on|desktop&#8220; header_2_font_size_phone=&#8220;36px&#8220; header_2_font_size_last_edited=&#8220;on|phone&#8220;]<h2>Boues de STEP, boues d\u2019\u00e9puration<\/h2>[\/et_pb_text][et_pb_button button_url=&#8220;\/nos-services#boues-de-step&#8220; button_text=&#8220;En savoir plus&#8220; button_alignment=&#8220;right&#8220; _builder_version=&#8220;3.23.2&#8243; background_layout=&#8220;dark&#8220;][\/et_pb_button][\/et_pb_column][et_pb_column type=&#8220;1_2&#8243; _builder_version=&#8220;3.23.2&#8243;][et_pb_text _builder_version=&#8220;3.23.2&#8243; text_font=&#8220;||||||||&#8220; link_font=&#8220;||||||||&#8220; link_text_color=&#8220;#807f7f&#8220; header_font=&#8220;||||||||&#8220; header_2_font=&#8220;|||on|||||&#8220; header_2_font_size=&#8220;40px&#8220; background_layout=&#8220;dark&#8220; custom_padding=&#8220;|0px||&#8220; custom_padding_tablet=&#8220;|0px||&#8220; custom_padding_phone=&#8220;|0px||&#8220; custom_padding_last_edited=&#8220;on|desktop&#8220; header_2_font_size_phone=&#8220;36px&#8220; header_2_font_size_last_edited=&#8220;on|phone&#8220;]<h2>Boues de chantier<\/h2>[\/et_pb_text][et_pb_button button_url=&#8220;\/nos-services#boues-de-chantier&#8220; button_text=&#8220;En savoir plus&#8220; button_alignment=&#8220;right&#8220; _builder_version=&#8220;3.23.2&#8243; background_layout=&#8220;dark&#8220;][\/et_pb_button][\/et_pb_column][\/et_pb_row][et_pb_row make_equal=&#8220;on&#8220; module_class=&#8220;gq_r_fixed_buttons&#8220; _builder_version=&#8220;3.23.2&#8243;][et_pb_column type=&#8220;1_2&#8243; _builder_version=&#8220;3.23.2&#8243;][et_pb_text _builder_version=&#8220;3.23.2&#8243; text_font=&#8220;||||||||&#8220; link_font=&#8220;||||||||&#8220; link_text_color=&#8220;#807f7f&#8220; header_font=&#8220;||||||||&#8220; header_2_font=&#8220;|||on|||||&#8220; header_2_font_size=&#8220;40px&#8220; background_layout=&#8220;dark&#8220; custom_padding_tablet=&#8220;|100px||&#8220; custom_padding_phone=&#8220;|0px||&#8220; custom_padding_last_edited=&#8220;on|phone&#8220; header_2_font_size_phone=&#8220;36px&#8220; header_2_font_size_last_edited=&#8220;on|phone&#8220;]<h2>boues industrielles<\/h2>[\/et_pb_text][et_pb_button button_url=&#8220;\/nos-services#boues-industrielles&#8220; button_text=&#8220;En savoir plus&#8220; button_alignment=&#8220;right&#8220; _builder_version=&#8220;3.23.2&#8243; background_layout=&#8220;dark&#8220;][\/et_pb_button][\/et_pb_column][et_pb_column type=&#8220;1_2&#8243; _builder_version=&#8220;3.23.2&#8243;][et_pb_text _builder_version=&#8220;3.23.2&#8243; text_font=&#8220;||||||||&#8220; link_font=&#8220;||||||||&#8220; link_text_color=&#8220;#807f7f&#8220; header_font=&#8220;||||||||&#8220; header_2_font=&#8220;|||on|||||&#8220; header_2_font_size=&#8220;40px&#8220; background_layout=&#8220;dark&#8220; custom_padding_tablet=&#8220;|100px||&#8220; custom_padding_phone=&#8220;|0px||&#8220; custom_padding_last_edited=&#8220;on|phone&#8220; header_2_font_size_phone=&#8220;36px&#8220; header_2_font_size_last_edited=&#8220;on|phone&#8220;]<h2>D\u00e9shydratation des boues<\/h2>[\/et_pb_text][et_pb_button button_url=&#8220;\/nos-services#deshydratation-des-boues&#8220; button_text=&#8220;En savoir plus&#8220; button_alignment=&#8220;right&#8220; _builder_version=&#8220;3.23.2&#8243; background_layout=&#8220;dark&#8220;][\/et_pb_button][\/et_pb_column][\/et_pb_row][\/et_pb_section]\n","protected":false},"excerpt":{"rendered":"","protected":false},"author":1,"featured_media":0,"parent":0,"menu_order":0,"comment_status":"closed","ping_status":"closed","template":"","meta":{"_et_pb_use_builder":"on","_et_pb_old_content":""},"_links":{"self":[{"href":"https:\/\/assistech.ch\/de\/wp-json\/wp\/v2\/pages\/29042"}],"collection":[{"href":"https:\/\/assistech.ch\/de\/wp-json\/wp\/v2\/pages"}],"about":[{"href":"https:\/\/assistech.ch\/de\/wp-json\/wp\/v2\/types\/page"}],"author":[{"embeddable":true,"href":"https:\/\/assistech.ch\/de\/wp-json\/wp\/v2\/users\/1"}],"replies":[{"embeddable":true,"href":"https:\/\/assistech.ch\/de\/wp-json\/wp\/v2\/comments?post=29042"}],"version-history":[{"count":3,"href":"https:\/\/assistech.ch\/de\/wp-json\/wp\/v2\/pages\/29042\/revisions"}],"predecessor-version":[{"id":29051,"href":"https:\/\/assistech.ch\/de\/wp-json\/wp\/v2\/pages\/29042\/revisions\/29051"}],"wp:attachment":[{"href":"https:\/\/assistech.ch\/de\/wp-json\/wp\/v2\/media?parent=29042"}],"curies":[{"name":"wp","href":"https:\/\/api.w.org\/{rel}","templated":true}]}}