{"id":29047,"date":"2020-05-18T22:53:39","date_gmt":"2020-05-18T20:53:39","guid":{"rendered":"https:\/\/assistech.ch\/activites\/boues-de-step-boues-depuration\/"},"modified":"2020-05-20T22:10:37","modified_gmt":"2020-05-20T20:10:37","slug":"klaerschlamm","status":"publish","type":"page","link":"https:\/\/assistech.ch\/de\/aktivitaeten\/klaerschlamm\/","title":{"rendered":"Kl\u00e4rschlamm"},"content":{"rendered":"<p>[et_pb_section fb_built=&#8220;1&#8243; _builder_version=&#8220;3.23.2&#8243; background_color=&#8220;#184073&#8243; custom_padding=&#8220;0px||0px|||&#8220;][et_pb_row _builder_version=&#8220;3.23.2&#8243;][et_pb_column type=&#8220;4_4&#8243; _builder_version=&#8220;3.23.2&#8243;][et_pb_text _builder_version=&#8220;3.23.2&#8243; text_font=&#8220;||||||||&#8220; text_text_align=&#8220;center&#8220; header_font=&#8220;||||||||&#8220; header_text_color=&#8220;#ffffff&#8220;]<\/p>\n<h1>Kl\u00e4rschlamm<\/h1>\n<p>[\/et_pb_text][\/et_pb_column][\/et_pb_row][\/et_pb_section][et_pb_section fb_built=&#8220;1&#8243; custom_padding_last_edited=&#8220;on|desktop&#8220; admin_label=&#8220;section&#8220; module_id=&#8220;about&#8220; _builder_version=&#8220;3.22.3&#8243; custom_padding=&#8220;0px|0px|0px|0px&#8220; transparent_background=&#8220;off&#8220;][et_pb_row custom_padding=&#8220;50px|0px|50px|0px||&#8220; custom_padding_tablet=&#8220;50px|20px|50px|20px&#8220; custom_padding_phone=&#8220;50px|20px|50px|20px&#8220; custom_padding_last_edited=&#8220;on|phone&#8220; admin_label=&#8220;Ligne&#8220; _builder_version=&#8220;3.23.2&#8243; background_size=&#8220;initial&#8220; background_position=&#8220;top_left&#8220; background_repeat=&#8220;repeat&#8220;][et_pb_column type=&#8220;4_4&#8243; _builder_version=&#8220;3.0.47&#8243;][et_pb_text _builder_version=&#8220;3.23.2&#8243;]<\/p>\n<p>Kl\u00e4rschlamm ist der Hauptr\u00fcckstand oder Abfall einer Kl\u00e4ranlage in der Abwasseraufbereitungsanlage aus fl\u00fcssigen Abw\u00e4ssern. Diese Restsedimente bestehen haupts\u00e4chlich aus organischen Stoffen (toten Bakterien) aus tierischen organischen Stoffen, pflanzlicher und mineralischer N\u00e4sse.<\/p>\n<p>Quelle: Extrakt von de.wikipedia.org<\/p>\n<p>Weitere Einzelheiten auf <a href=\"https:\/\/de.wikipedia.org\/wiki\/Kl%C3%A4rschlamm\" target=\"_blank\" rel=\"noopener noreferrer\">Wikipedia<\/a>.<\/p>\n<p>[\/et_pb_text][et_pb_image src=&#8220;https:\/\/assistech.ch\/wp-content\/uploads\/2019\/05\/assistech-traitement_des_eaux.jpg&#8220; align=&#8220;center&#8220; _builder_version=&#8220;3.23.2&#8243; width=&#8220;80%&#8220; width_tablet=&#8220;100%&#8220; width_last_edited=&#8220;on|phone&#8220;][\/et_pb_image][\/et_pb_column][\/et_pb_row][\/et_pb_section]<\/p>\n","protected":false},"excerpt":{"rendered":"<p>[et_pb_section fb_built=&#8220;1&#8243; _builder_version=&#8220;3.23.2&#8243; background_color=&#8220;#184073&#8243; custom_padding=&#8220;0px||0px|||&#8220;][et_pb_row _builder_version=&#8220;3.23.2&#8243;][et_pb_column type=&#8220;4_4&#8243; _builder_version=&#8220;3.23.2&#8243;][et_pb_text _builder_version=&#8220;3.23.2&#8243; text_font=&#8220;||||||||&#8220; text_text_align=&#8220;center&#8220; header_font=&#8220;||||||||&#8220; header_text_color=&#8220;#ffffff&#8220;] Kl\u00e4rschlamm [\/et_pb_text][\/et_pb_column][\/et_pb_row][\/et_pb_section][et_pb_section fb_built=&#8220;1&#8243; custom_padding_last_edited=&#8220;on|desktop&#8220; admin_label=&#8220;section&#8220; module_id=&#8220;about&#8220; _builder_version=&#8220;3.22.3&#8243; custom_padding=&#8220;0px|0px|0px|0px&#8220; transparent_background=&#8220;off&#8220;][et_pb_row custom_padding=&#8220;50px|0px|50px|0px||&#8220; custom_padding_tablet=&#8220;50px|20px|50px|20px&#8220; custom_padding_phone=&#8220;50px|20px|50px|20px&#8220; custom_padding_last_edited=&#8220;on|phone&#8220; admin_label=&#8220;Ligne&#8220; _builder_version=&#8220;3.23.2&#8243; background_size=&#8220;initial&#8220; background_position=&#8220;top_left&#8220; background_repeat=&#8220;repeat&#8220;][et_pb_column type=&#8220;4_4&#8243; _builder_version=&#8220;3.0.47&#8243;][et_pb_text _builder_version=&#8220;3.23.2&#8243;] Kl\u00e4rschlamm ist der Hauptr\u00fcckstand oder Abfall einer Kl\u00e4ranlage in der Abwasseraufbereitungsanlage aus fl\u00fcssigen Abw\u00e4ssern. Diese Restsedimente bestehen haupts\u00e4chlich aus organischen Stoffen [&hellip;]<\/p>\n","protected":false},"author":1,"featured_media":0,"parent":29042,"menu_order":1,"comment_status":"closed","ping_status":"closed","template":"","meta":{"_et_pb_use_builder":"on","_et_pb_old_content":""},"_links":{"self":[{"href":"https:\/\/assistech.ch\/de\/wp-json\/wp\/v2\/pages\/29047"}],"collection":[{"href":"https:\/\/assistech.ch\/de\/wp-json\/wp\/v2\/pages"}],"about":[{"href":"https:\/\/assistech.ch\/de\/wp-json\/wp\/v2\/types\/page"}],"author":[{"embeddable":true,"href":"https:\/\/assistech.ch\/de\/wp-json\/wp\/v2\/users\/1"}],"replies":[{"embeddable":true,"href":"https:\/\/assistech.ch\/de\/wp-json\/wp\/v2\/comments?post=29047"}],"version-history":[{"count":2,"href":"https:\/\/assistech.ch\/de\/wp-json\/wp\/v2\/pages\/29047\/revisions"}],"predecessor-version":[{"id":29050,"href":"https:\/\/assistech.ch\/de\/wp-json\/wp\/v2\/pages\/29047\/revisions\/29050"}],"up":[{"embeddable":true,"href":"https:\/\/assistech.ch\/de\/wp-json\/wp\/v2\/pages\/29042"}],"wp:attachment":[{"href":"https:\/\/assistech.ch\/de\/wp-json\/wp\/v2\/media?parent=29047"}],"curies":[{"name":"wp","href":"https:\/\/api.w.org\/{rel}","templated":true}]}}