{"id":29057,"date":"2020-05-18T23:00:07","date_gmt":"2020-05-18T21:00:07","guid":{"rendered":"https:\/\/assistech.ch\/aktivitaeten\/boues-industrielles\/"},"modified":"2020-05-20T22:17:32","modified_gmt":"2020-05-20T20:17:32","slug":"industrieller-schlamm","status":"publish","type":"page","link":"https:\/\/assistech.ch\/de\/aktivitaeten\/industrieller-schlamm\/","title":{"rendered":"Industrieller Schlamm"},"content":{"rendered":"<p>[et_pb_section fb_built=&#8220;1&#8243; _builder_version=&#8220;3.23.2&#8243; background_color=&#8220;#184073&#8243; custom_padding=&#8220;0px||0px|||&#8220;][et_pb_row _builder_version=&#8220;3.23.2&#8243;][et_pb_column type=&#8220;4_4&#8243; _builder_version=&#8220;3.23.2&#8243;][et_pb_text _builder_version=&#8220;3.23.2&#8243; text_font=&#8220;||||||||&#8220; text_text_align=&#8220;center&#8220; header_font=&#8220;||||||||&#8220; header_text_color=&#8220;#ffffff&#8220;]<\/p>\n<h1><strong>Industrieller Schlamm<\/strong><\/h1>\n<p>[\/et_pb_text][\/et_pb_column][\/et_pb_row][\/et_pb_section][et_pb_section fb_built=&#8220;1&#8243; custom_padding_last_edited=&#8220;on|desktop&#8220; admin_label=&#8220;section&#8220; module_id=&#8220;about&#8220; _builder_version=&#8220;3.22.3&#8243; custom_padding=&#8220;0px|0px|0px|0px&#8220; transparent_background=&#8220;off&#8220;][et_pb_row module_id=&#8220;boues-industrielles&#8220; _builder_version=&#8220;3.23.2&#8243;][et_pb_column type=&#8220;4_4&#8243; _builder_version=&#8220;3.23.2&#8243;][et_pb_text _builder_version=&#8220;3.23.2&#8243;]<\/p>\n<p>&nbsp;<\/p>\n<p>Industrieller Schlamm ist der R\u00fcckstand oder Abfall, der durch verschiedene industrielle Verfahren erzeugt wird. Obwohl die meisten Anlagen \u00fcber eine eigene Aufbereitungsanlage ARA und andere spezifische Aufbereitungssysteme verf\u00fcgen, ist es auch m\u00f6glich oder notwendig, mittels Schleuderung, Wasser aus suspendierten Feststoffen zu trennen, bevor ihre Spezifische Behandlung.<\/p>\n<p>Sie unterliegen wie Bauschlamm den geltenden Bundes- und kantonalen Vorschriften.<\/p>\n<p>&nbsp;<\/p>\n<p>[\/et_pb_text][\/et_pb_column][\/et_pb_row][\/et_pb_section]<\/p>\n","protected":false},"excerpt":{"rendered":"<p>[et_pb_section fb_built=&#8220;1&#8243; _builder_version=&#8220;3.23.2&#8243; background_color=&#8220;#184073&#8243; custom_padding=&#8220;0px||0px|||&#8220;][et_pb_row _builder_version=&#8220;3.23.2&#8243;][et_pb_column type=&#8220;4_4&#8243; _builder_version=&#8220;3.23.2&#8243;][et_pb_text _builder_version=&#8220;3.23.2&#8243; text_font=&#8220;||||||||&#8220; text_text_align=&#8220;center&#8220; header_font=&#8220;||||||||&#8220; header_text_color=&#8220;#ffffff&#8220;] Industrieller Schlamm [\/et_pb_text][\/et_pb_column][\/et_pb_row][\/et_pb_section][et_pb_section fb_built=&#8220;1&#8243; custom_padding_last_edited=&#8220;on|desktop&#8220; admin_label=&#8220;section&#8220; module_id=&#8220;about&#8220; _builder_version=&#8220;3.22.3&#8243; custom_padding=&#8220;0px|0px|0px|0px&#8220; transparent_background=&#8220;off&#8220;][et_pb_row module_id=&#8220;boues-industrielles&#8220; _builder_version=&#8220;3.23.2&#8243;][et_pb_column type=&#8220;4_4&#8243; _builder_version=&#8220;3.23.2&#8243;][et_pb_text _builder_version=&#8220;3.23.2&#8243;] &nbsp; Industrieller Schlamm ist der R\u00fcckstand oder Abfall, der durch verschiedene industrielle Verfahren erzeugt wird. Obwohl die meisten Anlagen \u00fcber eine eigene Aufbereitungsanlage ARA und andere spezifische [&hellip;]<\/p>\n","protected":false},"author":1,"featured_media":0,"parent":29042,"menu_order":3,"comment_status":"closed","ping_status":"closed","template":"","meta":{"_et_pb_use_builder":"on","_et_pb_old_content":""},"_links":{"self":[{"href":"https:\/\/assistech.ch\/de\/wp-json\/wp\/v2\/pages\/29057"}],"collection":[{"href":"https:\/\/assistech.ch\/de\/wp-json\/wp\/v2\/pages"}],"about":[{"href":"https:\/\/assistech.ch\/de\/wp-json\/wp\/v2\/types\/page"}],"author":[{"embeddable":true,"href":"https:\/\/assistech.ch\/de\/wp-json\/wp\/v2\/users\/1"}],"replies":[{"embeddable":true,"href":"https:\/\/assistech.ch\/de\/wp-json\/wp\/v2\/comments?post=29057"}],"version-history":[{"count":2,"href":"https:\/\/assistech.ch\/de\/wp-json\/wp\/v2\/pages\/29057\/revisions"}],"predecessor-version":[{"id":29060,"href":"https:\/\/assistech.ch\/de\/wp-json\/wp\/v2\/pages\/29057\/revisions\/29060"}],"up":[{"embeddable":true,"href":"https:\/\/assistech.ch\/de\/wp-json\/wp\/v2\/pages\/29042"}],"wp:attachment":[{"href":"https:\/\/assistech.ch\/de\/wp-json\/wp\/v2\/media?parent=29057"}],"curies":[{"name":"wp","href":"https:\/\/api.w.org\/{rel}","templated":true}]}}