{"id":29085,"date":"2019-05-24T10:54:16","date_gmt":"2019-05-24T08:54:16","guid":{"rendered":"https:\/\/assistech.ch\/a-propos\/"},"modified":"2020-05-20T22:38:14","modified_gmt":"2020-05-20T20:38:14","slug":"ueber-uns","status":"publish","type":"page","link":"https:\/\/assistech.ch\/de\/ueber-uns\/","title":{"rendered":"\u00dcber uns"},"content":{"rendered":"<p>[et_pb_section fb_built=&#8220;1&#8243; _builder_version=&#8220;3.23.2&#8243; background_color=&#8220;#184073&#8243; custom_padding=&#8220;0px||0px|||&#8220;][et_pb_row _builder_version=&#8220;3.23.2&#8243;][et_pb_column type=&#8220;4_4&#8243; _builder_version=&#8220;3.23.2&#8243;][et_pb_text _builder_version=&#8220;3.23.2&#8243; text_font=&#8220;||||||||&#8220; text_text_align=&#8220;center&#8220; header_font=&#8220;||||||||&#8220; header_text_color=&#8220;#ffffff&#8220;]<\/p>\n<h1>\u00dcber uns<\/h1>\n<p>[\/et_pb_text][\/et_pb_column][\/et_pb_row][\/et_pb_section][et_pb_section fb_built=&#8220;1&#8243; custom_padding_last_edited=&#8220;on|desktop&#8220; admin_label=&#8220;section&#8220; module_id=&#8220;about&#8220; _builder_version=&#8220;3.22.3&#8243; custom_padding=&#8220;0px|0px|0px|0px&#8220; transparent_background=&#8220;off&#8220;][et_pb_row custom_padding=&#8220;130px|180px|130px|180px&#8220; custom_padding_tablet=&#8220;100px|100px|100px|100px&#8220; custom_padding_phone=&#8220;100px|20px|100px|20px&#8220; custom_padding_last_edited=&#8220;on|phone&#8220; admin_label=&#8220;Ligne&#8220; _builder_version=&#8220;3.22.3&#8243; background_size=&#8220;initial&#8220; background_position=&#8220;top_left&#8220; background_repeat=&#8220;repeat&#8220;][et_pb_column type=&#8220;4_4&#8243; _builder_version=&#8220;3.0.47&#8243;][et_pb_image src=&#8220;https:\/\/assistech.ch\/wp-content\/uploads\/2019\/05\/roger-pieren.jpg&#8220; align=&#8220;center&#8220; _builder_version=&#8220;3.23.2&#8243;][\/et_pb_image][et_pb_text _builder_version=&#8220;3.23.2&#8243; text_font=&#8220;||||||||&#8220;]<\/p>\n<p style=\"text-align: justify;\">Mein Name ist <strong>Roger Pieren<\/strong>. Meine Familie Wurzeln sind von Adelboden, zweisprachig Franz\u00f6sisch &#8211; Deutsch.<\/p>\n<p style=\"text-align: justify;\">Als Maurer habe ich angefangen, Bauf\u00fchrer Diplom wurde sp\u00e4ter gemacht (EIF\/ETC Fribourg).<\/p>\n<p style=\"text-align: justify;\">Von Anfang k\u00fcmmerte ich mich mit Umweltschutz (Satem SA &#8211; Renens). In einem schl\u00fcsselfertigen Bauunternehmen habe ich meine Branchenkenntnisse erweitert. Ich habe sie durch umfangreiche Erfahrungen in den verschiedenen Bereichen des Hoch- und Tiefbaus, der Betoninstandsetzung und der Entsorgung von Gefahrstoffen erg\u00e4nzt. Seitdem habe ich auch die M\u00f6glichkeit gehabt, in der Vertretung von Bauprodukten sowie in den einzelnen Funktionen einer Gemeindeverwaltung zu arbeiten.<\/p>\n<p>Im Jahr 2018 interessierte ich mich f\u00fcr die \u00dcbernahme einer Aktiengesellschaft, die im Bereich der Schlammaufbereitung von ARAS t\u00e4tig war.<\/p>\n<p>Anfang 2019 habe ich die <strong>ASSISTECH GmbH<\/strong> in Monthey gegr\u00fcndet.<\/p>\n<p>Ich habe die Schlammbehandlungsaktivit\u00e4ten von Assistep AG \u00fcbernommen, die inzwischen in anderen Bereichen t\u00e4tig ist.<\/p>\n<h1 style=\"text-align: justify;\">Entwicklung<\/h1>\n<p style=\"text-align: justify;\">Laufend esrtes Jahr, ist mir schnell aufgekommen dass die Hilfe eines Spezialisten n\u00f6tig war.<br \/>Ob wohl die M\u00f6glichkeit war mit Spezialisten zu Arbeiten, die ich durch verschiedene Partner Firmen kente, kam die L\u00f6sung mit mein s\u00f6hn <strong>R\u00e9my Pieren<\/strong> (1983).<\/p>\n<p style=\"text-align: justify;\">Nach einigen Wochen h\u00e4tt er mich, durch seine seri\u00f6se Arbeit \u00dcberzeugt dass eine Zusammenarbeit m\u00f6glich war. Er ist im Team seit Oktober 2019.<\/p>\n<p style=\"text-align: justify;\">Seine Technischen Kenntnisse sind T\u00e4glich erweitert durch die L\u00f6sung von Baustellen Problemen. Wir haben nur ein Ziel: Effiziente und Saubere Arbeit, mit die Friede unseren Kunden.<\/p>\n<p style=\"text-align: justify;\">Heute bin ich Froh und stolz auf die Zusammenarbeit die wir bringen k\u00f6nnen.<\/p>\n<p>[\/et_pb_text][et_pb_image src=&#8220;https:\/\/assistech.ch\/wp-content\/uploads\/2020\/05\/RemyPieren.png&#8220; align=&#8220;center&#8220; _builder_version=&#8220;3.23.2&#8243; width=&#8220;158px&#8220; custom_margin=&#8220;60px||&#8220;][\/et_pb_image][\/et_pb_column][\/et_pb_row][\/et_pb_section]<\/p>\n","protected":false},"excerpt":{"rendered":"<p>[et_pb_section fb_built=&#8220;1&#8243; _builder_version=&#8220;3.23.2&#8243; background_color=&#8220;#184073&#8243; custom_padding=&#8220;0px||0px|||&#8220;][et_pb_row _builder_version=&#8220;3.23.2&#8243;][et_pb_column type=&#8220;4_4&#8243; _builder_version=&#8220;3.23.2&#8243;][et_pb_text _builder_version=&#8220;3.23.2&#8243; text_font=&#8220;||||||||&#8220; text_text_align=&#8220;center&#8220; header_font=&#8220;||||||||&#8220; header_text_color=&#8220;#ffffff&#8220;] \u00dcber uns [\/et_pb_text][\/et_pb_column][\/et_pb_row][\/et_pb_section][et_pb_section fb_built=&#8220;1&#8243; custom_padding_last_edited=&#8220;on|desktop&#8220; admin_label=&#8220;section&#8220; module_id=&#8220;about&#8220; _builder_version=&#8220;3.22.3&#8243; custom_padding=&#8220;0px|0px|0px|0px&#8220; transparent_background=&#8220;off&#8220;][et_pb_row custom_padding=&#8220;130px|180px|130px|180px&#8220; custom_padding_tablet=&#8220;100px|100px|100px|100px&#8220; custom_padding_phone=&#8220;100px|20px|100px|20px&#8220; custom_padding_last_edited=&#8220;on|phone&#8220; admin_label=&#8220;Ligne&#8220; _builder_version=&#8220;3.22.3&#8243; background_size=&#8220;initial&#8220; background_position=&#8220;top_left&#8220; background_repeat=&#8220;repeat&#8220;][et_pb_column type=&#8220;4_4&#8243; _builder_version=&#8220;3.0.47&#8243;][et_pb_image src=&#8220;https:\/\/assistech.ch\/wp-content\/uploads\/2019\/05\/roger-pieren.jpg&#8220; align=&#8220;center&#8220; _builder_version=&#8220;3.23.2&#8243;][\/et_pb_image][et_pb_text _builder_version=&#8220;3.23.2&#8243; text_font=&#8220;||||||||&#8220;] Mein Name ist Roger Pieren. Meine Familie Wurzeln sind von Adelboden, zweisprachig Franz\u00f6sisch &#8211; Deutsch. Als [&hellip;]<\/p>\n","protected":false},"author":1,"featured_media":0,"parent":0,"menu_order":0,"comment_status":"closed","ping_status":"closed","template":"","meta":{"_et_pb_use_builder":"on","_et_pb_old_content":""},"_links":{"self":[{"href":"https:\/\/assistech.ch\/de\/wp-json\/wp\/v2\/pages\/29085"}],"collection":[{"href":"https:\/\/assistech.ch\/de\/wp-json\/wp\/v2\/pages"}],"about":[{"href":"https:\/\/assistech.ch\/de\/wp-json\/wp\/v2\/types\/page"}],"author":[{"embeddable":true,"href":"https:\/\/assistech.ch\/de\/wp-json\/wp\/v2\/users\/1"}],"replies":[{"embeddable":true,"href":"https:\/\/assistech.ch\/de\/wp-json\/wp\/v2\/comments?post=29085"}],"version-history":[{"count":2,"href":"https:\/\/assistech.ch\/de\/wp-json\/wp\/v2\/pages\/29085\/revisions"}],"predecessor-version":[{"id":29088,"href":"https:\/\/assistech.ch\/de\/wp-json\/wp\/v2\/pages\/29085\/revisions\/29088"}],"wp:attachment":[{"href":"https:\/\/assistech.ch\/de\/wp-json\/wp\/v2\/media?parent=29085"}],"curies":[{"name":"wp","href":"https:\/\/api.w.org\/{rel}","templated":true}]}}