{"id":29104,"date":"2020-05-18T23:03:59","date_gmt":"2020-05-18T21:03:59","guid":{"rendered":"https:\/\/assistech.ch\/ueber-uns\/equipement\/"},"modified":"2020-06-04T21:34:47","modified_gmt":"2020-06-04T19:34:47","slug":"equipement","status":"publish","type":"page","link":"https:\/\/assistech.ch\/de\/ueber-uns\/equipement\/","title":{"rendered":"Ausr\u00fcstung"},"content":{"rendered":"<p>[et_pb_section fb_built=&#8220;1&#8243; _builder_version=&#8220;3.23.2&#8243; background_color=&#8220;#184073&#8243; custom_padding=&#8220;0px||0px|||&#8220;][et_pb_row _builder_version=&#8220;3.23.2&#8243;][et_pb_column type=&#8220;4_4&#8243; _builder_version=&#8220;3.23.2&#8243;][et_pb_text _builder_version=&#8220;3.23.2&#8243; text_font=&#8220;||||||||&#8220; text_text_align=&#8220;center&#8220; header_font=&#8220;||||||||&#8220; header_text_color=&#8220;#ffffff&#8220;]<\/p>\n<h1>Ausr\u00fcstung<\/h1>\n<p>[\/et_pb_text][\/et_pb_column][\/et_pb_row][\/et_pb_section][et_pb_section fb_built=&#8220;1&#8243; custom_padding_last_edited=&#8220;on|desktop&#8220; admin_label=&#8220;section&#8220; module_id=&#8220;about&#8220; _builder_version=&#8220;3.22.3&#8243; custom_padding=&#8220;0px|0px|0px|0px&#8220; transparent_background=&#8220;off&#8220;][et_pb_row _builder_version=&#8220;3.23.2&#8243;][et_pb_column type=&#8220;4_4&#8243; _builder_version=&#8220;3.23.2&#8243;][et_pb_text _builder_version=&#8220;3.23.2&#8243;]<\/p>\n<h2>Remorque de d\u00e9shydratation<\/h2>\n<p><strong>Notre unit\u00e9 mobile nous permet de r\u00e9pondre aux besoins des petites et moyennes STEP qui ne sont pas \u00e9quip\u00e9es d\u2019installations de traitement\/d\u00e9shydratation des boues OU LORS DE PANNES OU R\u00c9VISIONS SUR DES INSTALLATIONS FIXES.<\/strong><\/p>\n<p>Avec un traitement de 4 m3\/h. Nous avons de faibles rejets de centrats en t\u00eate de station d\u2019\u00e9puration. Ainsi nous \u00e9vitons les perturbations sur le cycle de traitement des eaux us\u00e9es.<\/p>\n<p>Par ailleurs la conception semi automatique de cette installation compacte ainsi qu\u2019une \u00e9mission sonore r\u00e9duite \u00e0 moins de 55 dB (mesur\u00e9 \u00e0 20 m\u2019) permettent, selon les conditions, de travailler 24 heures sur 24 et 7 jours sur 7.<\/p>\n<p>Avec notre centrifugeuse Andritz D2L, nous pouvons traiter jusqu\u2019\u00e0 4 m3\/heure*. Soit de 40 \u00e0 100 m3*\/jour, donc jusqu\u2019\u00e0 700 m3* par semaine. (*d\u00e9pend du % M.S. Mati\u00e8res S\u00e8ches).<\/p>\n<p>[\/et_pb_text][et_pb_text _builder_version=&#8220;3.23.2&#8243;]<\/p>\n<h1>Camion-grue avec pont basculant<\/h1>\n<p>Ce v\u00e9hicule compact avec ses 4 roues motrices nous assure d\u2019intervenir dans les acc\u00e8s les plus difficiles.<\/p>\n<p>Avec sa grue notre mat\u00e9riel est rapidement mis en place et repli\u00e9.<\/p>\n<p>Ses capacit\u00e9s de stockage et transport nous permettent de ravitailler, des bennes de grand format, lorsqu\u2019elles ne peuvent \u00eatres pos\u00e9es au droit de l\u2019installation de d\u00e9shydratation.<\/p>\n<p>[\/et_pb_text][et_pb_text _builder_version=&#8220;3.23.2&#8243;]<\/p>\n<h2>Analyse de la mati\u00e8re s\u00e8che<\/h2>\n<p>Au moyen d\u2019un appareillage sp\u00e9cifique (Mettler Toledo HR 73) ASSISTECH S\u00e0rl est \u00e0 m\u00eame de d\u00e9terminer le taux d&#8217;humidit\u00e9 de pratiquement tous les types de boues.<br \/> L&#8217;instrument fonctionne selon le principe thermo-gravim\u00e9trique: le Moisture Analyzer d\u00e9termine au d\u00e9but de la mesure le poids de l&#8217;\u00e9chantillon, l&#8217;\u00e9chantillon est ensuite rapidement chauff\u00e9 dans l&#8217;unit\u00e9 de dessiccation halog\u00e8ne et l&#8217;humidit\u00e9 \u00e9vapor\u00e9e. L&#8217;instrument d\u00e9termine continuellement, au cours de la dessiccation, le poids de l&#8217;\u00e9chantillon et affiche la perte d&#8217;humidit\u00e9. Les r\u00e9sultats finaux du taux d&#8217;humidit\u00e9 ou du taux de mati\u00e8re s\u00e8che de l&#8217;\u00e9chantillon sont visualis\u00e9s \u00e0 la fin de la dessiccation.<\/p>\n<p>[\/et_pb_text][et_pb_image src=&#8220;https:\/\/assistech.ch\/wp-content\/uploads\/2019\/05\/analyse-matiere-seche.jpg&#8220; align=&#8220;center&#8220; _builder_version=&#8220;3.23.2&#8243;][\/et_pb_image][\/et_pb_column][\/et_pb_row][\/et_pb_section]<\/p>\n","protected":false},"excerpt":{"rendered":"<p>[et_pb_section fb_built=&#8220;1&#8243; _builder_version=&#8220;3.23.2&#8243; background_color=&#8220;#184073&#8243; custom_padding=&#8220;0px||0px|||&#8220;][et_pb_row _builder_version=&#8220;3.23.2&#8243;][et_pb_column type=&#8220;4_4&#8243; _builder_version=&#8220;3.23.2&#8243;][et_pb_text _builder_version=&#8220;3.23.2&#8243; text_font=&#8220;||||||||&#8220; text_text_align=&#8220;center&#8220; header_font=&#8220;||||||||&#8220; header_text_color=&#8220;#ffffff&#8220;] Ausr\u00fcstung [\/et_pb_text][\/et_pb_column][\/et_pb_row][\/et_pb_section][et_pb_section fb_built=&#8220;1&#8243; custom_padding_last_edited=&#8220;on|desktop&#8220; admin_label=&#8220;section&#8220; module_id=&#8220;about&#8220; _builder_version=&#8220;3.22.3&#8243; custom_padding=&#8220;0px|0px|0px|0px&#8220; transparent_background=&#8220;off&#8220;][et_pb_row _builder_version=&#8220;3.23.2&#8243;][et_pb_column type=&#8220;4_4&#8243; _builder_version=&#8220;3.23.2&#8243;][et_pb_text _builder_version=&#8220;3.23.2&#8243;] Remorque de d\u00e9shydratation Notre unit\u00e9 mobile nous permet de r\u00e9pondre aux besoins des petites et moyennes STEP qui ne sont pas \u00e9quip\u00e9es d\u2019installations de traitement\/d\u00e9shydratation des boues OU LORS [&hellip;]<\/p>\n","protected":false},"author":1,"featured_media":0,"parent":29085,"menu_order":0,"comment_status":"closed","ping_status":"closed","template":"","meta":{"_et_pb_use_builder":"on","_et_pb_old_content":""},"_links":{"self":[{"href":"https:\/\/assistech.ch\/de\/wp-json\/wp\/v2\/pages\/29104"}],"collection":[{"href":"https:\/\/assistech.ch\/de\/wp-json\/wp\/v2\/pages"}],"about":[{"href":"https:\/\/assistech.ch\/de\/wp-json\/wp\/v2\/types\/page"}],"author":[{"embeddable":true,"href":"https:\/\/assistech.ch\/de\/wp-json\/wp\/v2\/users\/1"}],"replies":[{"embeddable":true,"href":"https:\/\/assistech.ch\/de\/wp-json\/wp\/v2\/comments?post=29104"}],"version-history":[{"count":2,"href":"https:\/\/assistech.ch\/de\/wp-json\/wp\/v2\/pages\/29104\/revisions"}],"predecessor-version":[{"id":29107,"href":"https:\/\/assistech.ch\/de\/wp-json\/wp\/v2\/pages\/29104\/revisions\/29107"}],"up":[{"embeddable":true,"href":"https:\/\/assistech.ch\/de\/wp-json\/wp\/v2\/pages\/29085"}],"wp:attachment":[{"href":"https:\/\/assistech.ch\/de\/wp-json\/wp\/v2\/media?parent=29104"}],"curies":[{"name":"wp","href":"https:\/\/api.w.org\/{rel}","templated":true}]}}